{"id":35372,"date":"2020-04-20T15:11:36","date_gmt":"2020-04-20T15:11:36","guid":{"rendered":"https:\/\/herrajesbaldan.com.ar\/?post_type=product&#038;p=35372"},"modified":"2025-03-18T13:09:24","modified_gmt":"2025-03-18T13:09:24","slug":"cerradura-digital-yale-ydf40","status":"publish","type":"product","link":"https:\/\/www.herrajesbaldan.com.ar\/obras_muebles\/producto\/cerradura-digital-yale-ydf40\/","title":{"rendered":"CERROJO DIGITAL YALE YDF40"},"content":{"rendered":"<p><strong>Caracter\u00edsticas:<\/strong><\/p>\n<p>&#8211; M\u00faltiples credenciales de acceso, huella y c\u00f3digo.<br \/>\n&#8211; Pantalla t\u00e1ctil.<br \/>\n&#8211; Men\u00fa guiado por voz.<br \/>\n&#8211; Bloqueo autom\u00e1tico con opci\u00f3n de cierre manual.<br \/>\n&#8211; Alarma por intrusi\u00f3n o da\u00f1o.<br \/>\n&#8211; Alarma de bater\u00eda baja.<br \/>\n&#8211; F\u00e1cil registro de credenciales.<br \/>\n&#8211; Puerto de bater\u00eda de emergencia.<br \/>\n&#8211; Capacidad para 30 c\u00f3digos de usuario.<br \/>\n&#8211; Hasta 20 huellas dactilares.<br \/>\n&#8211; Cerrojo para puertas de 30mm a 57mm.<br \/>\n&#8211; Backset ajustable de 60mm o 70mm.<\/p>\n","protected":false},"excerpt":{"rendered":"<p>Caracter\u00edsticas: &#8211; M\u00faltiples credenciales de acceso, huella y c\u00f3digo. &#8211; [&hellip;]<\/p>\n","protected":false},"featured_media":35374,"template":"","meta":{"_acf_changed":false,"_joinchat":[]},"product_brand":[],"product_cat":[1633,1609],"product_tag":[],"class_list":{"0":"post-35372","1":"product","2":"type-product","3":"status-publish","4":"has-post-thumbnail","6":"product_cat-cerraduras","7":"product_cat-sistemas-electronicos-iluminacion","9":"first","10":"instock","11":"shipping-taxable","12":"purchasable","13":"product-type-simple"},"acf":[],"_links":{"self":[{"href":"https:\/\/www.herrajesbaldan.com.ar\/obras_muebles\/wp-json\/wp\/v2\/product\/35372","targetHints":{"allow":["GET"]}}],"collection":[{"href":"https:\/\/www.herrajesbaldan.com.ar\/obras_muebles\/wp-json\/wp\/v2\/product"}],"about":[{"href":"https:\/\/www.herrajesbaldan.com.ar\/obras_muebles\/wp-json\/wp\/v2\/types\/product"}],"wp:featuredmedia":[{"embeddable":true,"href":"https:\/\/www.herrajesbaldan.com.ar\/obras_muebles\/wp-json\/wp\/v2\/media\/35374"}],"wp:attachment":[{"href":"https:\/\/www.herrajesbaldan.com.ar\/obras_muebles\/wp-json\/wp\/v2\/media?parent=35372"}],"wp:term":[{"taxonomy":"product_brand","embeddable":true,"href":"https:\/\/www.herrajesbaldan.com.ar\/obras_muebles\/wp-json\/wp\/v2\/product_brand?post=35372"},{"taxonomy":"product_cat","embeddable":true,"href":"https:\/\/www.herrajesbaldan.com.ar\/obras_muebles\/wp-json\/wp\/v2\/product_cat?post=35372"},{"taxonomy":"product_tag","embeddable":true,"href":"https:\/\/www.herrajesbaldan.com.ar\/obras_muebles\/wp-json\/wp\/v2\/product_tag?post=35372"}],"curies":[{"name":"wp","href":"https:\/\/api.w.org\/{rel}","templated":true}]}}