{"id":36236,"date":"2020-05-14T14:35:52","date_gmt":"2020-05-14T14:35:52","guid":{"rendered":"http:\/\/www.herrajesbaldan.com.ar\/?post_type=product&#038;p=36236"},"modified":"2025-03-18T13:00:44","modified_gmt":"2025-03-18T13:00:44","slug":"yale-connect-hub","status":"publish","type":"product","link":"https:\/\/www.herrajesbaldan.com.ar\/obras_muebles\/producto\/yale-connect-hub\/","title":{"rendered":"YALE HUB CONNECT"},"content":{"rendered":"<p>Yale Connect es un sistema de productos digitales que permite abrir y cerrar dispositivos Yale como cerraduras digitales, cerraduras el\u00e9ctricas y electroimanes de forma remota y segura con un tel\u00e9fono inteligente, tableta u ordenador a trav\u00e9s de una aplicaci\u00f3n gratuita disponible para IOS y Android. Desde cualquier parte del mundo, con una conexi\u00f3n a internet, es posible abrir y cerrar las puertas de tu hogar u oficina.<\/p>\n<p>Caracter\u00edsticas Yale Connect HUB:<br \/>\n&#8211; Contenido empaque: HUB, cable, cargador USB y gu\u00eda r\u00e1pida.<br \/>\n&#8211; Alimentaci\u00f3n: 5VDC, 1A.<br \/>\n&#8211; Requerimientos del sistema: Yale ConnectApp, IOS 7+, Android OS 4.0+, router WiFicon conexi\u00f3n a internet de banda ancha para la configuraci\u00f3n inicial y para controlar los dispositivos de manera remota.<br \/>\n&#8211; Conexi\u00f3n HUB y router v\u00eda WiFi 802.11 b\/g\/n.<br \/>\n&#8211; Alcance m\u00e1ximo entre HUB y dispositivos YaleConnect: 30 mts. en \u00e1reas abiertas.<br \/>\n&#8211; Conexi\u00f3n segura (SLL) entre App y Nube.<br \/>\n&#8211; S\u00f3lo para uso en interiores.<\/p>\n","protected":false},"excerpt":{"rendered":"<p>Yale Connect es un sistema de productos digitales que permite [&hellip;]<\/p>\n","protected":false},"featured_media":36237,"template":"","meta":{"_acf_changed":false,"_joinchat":[]},"product_brand":[],"product_cat":[16],"product_tag":[],"class_list":{"0":"post-36236","1":"product","2":"type-product","3":"status-publish","4":"has-post-thumbnail","6":"product_cat-sin-categoria","8":"first","9":"outofstock","10":"shipping-taxable","11":"purchasable","12":"product-type-simple"},"acf":[],"_links":{"self":[{"href":"https:\/\/www.herrajesbaldan.com.ar\/obras_muebles\/wp-json\/wp\/v2\/product\/36236","targetHints":{"allow":["GET"]}}],"collection":[{"href":"https:\/\/www.herrajesbaldan.com.ar\/obras_muebles\/wp-json\/wp\/v2\/product"}],"about":[{"href":"https:\/\/www.herrajesbaldan.com.ar\/obras_muebles\/wp-json\/wp\/v2\/types\/product"}],"wp:featuredmedia":[{"embeddable":true,"href":"https:\/\/www.herrajesbaldan.com.ar\/obras_muebles\/wp-json\/wp\/v2\/media\/36237"}],"wp:attachment":[{"href":"https:\/\/www.herrajesbaldan.com.ar\/obras_muebles\/wp-json\/wp\/v2\/media?parent=36236"}],"wp:term":[{"taxonomy":"product_brand","embeddable":true,"href":"https:\/\/www.herrajesbaldan.com.ar\/obras_muebles\/wp-json\/wp\/v2\/product_brand?post=36236"},{"taxonomy":"product_cat","embeddable":true,"href":"https:\/\/www.herrajesbaldan.com.ar\/obras_muebles\/wp-json\/wp\/v2\/product_cat?post=36236"},{"taxonomy":"product_tag","embeddable":true,"href":"https:\/\/www.herrajesbaldan.com.ar\/obras_muebles\/wp-json\/wp\/v2\/product_tag?post=36236"}],"curies":[{"name":"wp","href":"https:\/\/api.w.org\/{rel}","templated":true}]}}