{"id":36384,"date":"2020-05-21T16:59:46","date_gmt":"2020-05-21T16:59:46","guid":{"rendered":"http:\/\/www.herrajesbaldan.com.ar\/?post_type=product&#038;p=36384"},"modified":"2023-11-03T13:25:28","modified_gmt":"2023-11-03T13:25:28","slug":"cierrapuerta-de-piso-hafele","status":"publish","type":"product","link":"https:\/\/www.herrajesbaldan.com.ar\/obras_muebles\/producto\/cierrapuerta-de-piso-hafele\/","title":{"rendered":"CIERRAPUERTA DE PISO HAFELE"},"content":{"rendered":"<p>Cierrapuerta de piso para embutir. Marca HAFELE<\/p>\n<p>Aplicaci\u00f3n: embutido al piso.<\/p>\n<p>Dise\u00f1o: cuerpo superior de bisagra con cilindro ajustable para palanca de puerta<\/p>\n<p>Modelo: con posici\u00f3n de retenci\u00f3n en \u00e1ngulo de 90\u00b0<\/p>\n<p>Medidas:<\/p>\n<ul>\n<li style=\"list-style-type: none;\">\n<ul>\n<li style=\"list-style-type: none;\">\n<ul>\n<li>Ancho m\u00e1x. de puerta, mm: 1200<\/li>\n<li>Apertura: 130\u00b0<\/li>\n<li>Peso, kg.: 120<\/li>\n<\/ul>\n<\/li>\n<\/ul>\n<\/li>\n<\/ul>\n","protected":false},"excerpt":{"rendered":"<p><strong>932.79.060<\/strong><\/p>\n","protected":false},"featured_media":38196,"template":"","meta":{"_acf_changed":false,"_joinchat":[]},"product_brand":[],"product_cat":[1339,48],"product_tag":[],"class_list":{"0":"post-36384","1":"product","2":"type-product","3":"status-publish","4":"has-post-thumbnail","6":"product_cat-cierrapuerta","7":"product_cat-herrajes-para-obras","9":"first","10":"instock","11":"shipping-taxable","12":"purchasable","13":"product-type-simple"},"acf":[],"_links":{"self":[{"href":"https:\/\/www.herrajesbaldan.com.ar\/obras_muebles\/wp-json\/wp\/v2\/product\/36384","targetHints":{"allow":["GET"]}}],"collection":[{"href":"https:\/\/www.herrajesbaldan.com.ar\/obras_muebles\/wp-json\/wp\/v2\/product"}],"about":[{"href":"https:\/\/www.herrajesbaldan.com.ar\/obras_muebles\/wp-json\/wp\/v2\/types\/product"}],"wp:featuredmedia":[{"embeddable":true,"href":"https:\/\/www.herrajesbaldan.com.ar\/obras_muebles\/wp-json\/wp\/v2\/media\/38196"}],"wp:attachment":[{"href":"https:\/\/www.herrajesbaldan.com.ar\/obras_muebles\/wp-json\/wp\/v2\/media?parent=36384"}],"wp:term":[{"taxonomy":"product_brand","embeddable":true,"href":"https:\/\/www.herrajesbaldan.com.ar\/obras_muebles\/wp-json\/wp\/v2\/product_brand?post=36384"},{"taxonomy":"product_cat","embeddable":true,"href":"https:\/\/www.herrajesbaldan.com.ar\/obras_muebles\/wp-json\/wp\/v2\/product_cat?post=36384"},{"taxonomy":"product_tag","embeddable":true,"href":"https:\/\/www.herrajesbaldan.com.ar\/obras_muebles\/wp-json\/wp\/v2\/product_tag?post=36384"}],"curies":[{"name":"wp","href":"https:\/\/api.w.org\/{rel}","templated":true}]}}