{"id":36713,"date":"2020-06-02T13:10:44","date_gmt":"2020-06-02T13:10:44","guid":{"rendered":"https:\/\/www.herrajesbaldan.com.ar\/?post_type=product&#038;p=36713"},"modified":"2023-01-03T13:35:19","modified_gmt":"2023-01-03T13:35:19","slug":"fanacola-1011-adhesivo-vinilico","status":"publish","type":"product","link":"https:\/\/www.herrajesbaldan.com.ar\/obras_muebles\/producto\/fanacola-1011-adhesivo-vinilico\/","title":{"rendered":"FANACOLA 1011 ADHESIVO VINILICO"},"content":{"rendered":"<p><strong>DESCRIPCION DEL PRODUCTO <\/strong><\/p>\n<p>Adhesivo Vin\u00edlico en dispersi\u00f3n acuosa especialmente formulado para la industria de la madera. Secado r\u00e1pido y excelente resistencia a la humedad ambiente.<\/p>\n<p>Apto para superficies porosas, espigas, etc.<\/p>\n<p><strong>APLICACIONES TIPICAS <\/strong><\/p>\n<p>Pegado de Uniones, juntas, armado de muebles, enchapados, terciados, aglomerados, HDF (Chapadur), pegado de telas, cartones, papeles entre s\u00ed., etc.<\/p>\n<p><em>Pomos <\/em>125 gs. 250 gs. 500 gs. 1 Kg.<\/p>\n<p><strong> CARACTERISTICAS FISICAS <\/strong><\/p>\n<p><em> Base <\/em>Emulsi\u00f3n homopol\u00edmero de acetato de vinilo<\/p>\n<p><em>Color Blanco Peso Espec\u00edfico <\/em>1.20 gr\/cc aprox.<\/p>\n<p><em>Viscosidad <\/em>entre 14.000 a 16.000 c.p.s. aprox<\/p>\n<p><em>Contenido S\u00f3lido<\/em> 47%.<\/p>\n<p><strong> PROPIEDADES TECNICAS<\/strong><\/p>\n<p>Modo de Aplicaci\u00f3n Pincel, rodillo, esp\u00e1tula, encaladora. Unir en h\u00famedo y prensar de 1 3 Hs.. Seg\u00fan la temperatura ambiente. Antes del pegado, preparar las maderas a unir, cepill\u00e1ndolas o lij\u00e1ndolas prolijamente y retirando el polvo formado. Las mismas deber\u00e1n tener menos de 14% de humedad. Cantidad de uso 180 gr\/m2 en funci\u00f3n de la capacidad de absorci\u00f3n de los materiales a ser unidos. Tiempo de secado 12 horas. En C.N.P.T. Cohesi\u00f3n final 24 hs. Aprox. Temperatura de Aplicaci\u00f3n +8oC m\u00ednimo.<\/p>\n<p><strong> ALMACENAMIENTO <\/strong><\/p>\n<p>Almacenar el producto en ambientes ventilados, protegidos de intemperie y del sol, bien cerrado y a temperatura ambiente.<\/p>\n<p>Para evitar la contaminaci\u00f3n del producto no usado, no regresar el producto sobrante al envase original Vida \u00fatil: 12 meses (en su envase original. Sin haber sido Abierto)<\/p>\n<p><strong>Diluyente<\/strong>: Agua.<\/p>\n","protected":false},"excerpt":{"rendered":"<p>DESCRIPCION DEL PRODUCTO Adhesivo Vin\u00edlico en dispersi\u00f3n acuosa especialmente formulado [&hellip;]<\/p>\n","protected":false},"featured_media":38718,"template":"","meta":{"_acf_changed":false,"_joinchat":[]},"product_brand":[],"product_cat":[63,64],"product_tag":[],"class_list":{"0":"post-36713","1":"product","2":"type-product","3":"status-publish","4":"has-post-thumbnail","6":"product_cat-insumos-y-herramientas","7":"product_cat-adhesivos","9":"first","10":"instock","11":"shipping-taxable","12":"purchasable","13":"product-type-variable"},"acf":[],"_links":{"self":[{"href":"https:\/\/www.herrajesbaldan.com.ar\/obras_muebles\/wp-json\/wp\/v2\/product\/36713","targetHints":{"allow":["GET"]}}],"collection":[{"href":"https:\/\/www.herrajesbaldan.com.ar\/obras_muebles\/wp-json\/wp\/v2\/product"}],"about":[{"href":"https:\/\/www.herrajesbaldan.com.ar\/obras_muebles\/wp-json\/wp\/v2\/types\/product"}],"wp:featuredmedia":[{"embeddable":true,"href":"https:\/\/www.herrajesbaldan.com.ar\/obras_muebles\/wp-json\/wp\/v2\/media\/38718"}],"wp:attachment":[{"href":"https:\/\/www.herrajesbaldan.com.ar\/obras_muebles\/wp-json\/wp\/v2\/media?parent=36713"}],"wp:term":[{"taxonomy":"product_brand","embeddable":true,"href":"https:\/\/www.herrajesbaldan.com.ar\/obras_muebles\/wp-json\/wp\/v2\/product_brand?post=36713"},{"taxonomy":"product_cat","embeddable":true,"href":"https:\/\/www.herrajesbaldan.com.ar\/obras_muebles\/wp-json\/wp\/v2\/product_cat?post=36713"},{"taxonomy":"product_tag","embeddable":true,"href":"https:\/\/www.herrajesbaldan.com.ar\/obras_muebles\/wp-json\/wp\/v2\/product_tag?post=36713"}],"curies":[{"name":"wp","href":"https:\/\/api.w.org\/{rel}","templated":true}]}}