{"id":36718,"date":"2020-06-02T13:27:55","date_gmt":"2020-06-02T13:27:55","guid":{"rendered":"https:\/\/www.herrajesbaldan.com.ar\/?post_type=product&#038;p=36718"},"modified":"2022-05-31T12:01:39","modified_gmt":"2022-05-31T12:01:39","slug":"fortex-a-20-adhesivo-vinilico","status":"publish","type":"product","link":"https:\/\/www.herrajesbaldan.com.ar\/obras_muebles\/producto\/fortex-a-20-adhesivo-vinilico\/","title":{"rendered":"FORTEX A-20 ADHESIVO VINILICO"},"content":{"rendered":"<p>Para trabajos generales de carpinter\u00eda. Cola vin\u00edlica de base acuosa, NO T\u00d3XICA, de alta calidad y gran resistencia a la tracci\u00f3n, su mayor contenido de s\u00f3lidos, comparado con la Cola A 10, la hace de una calidad superior.<\/p>\n<h4>Aplicaciones y recomendaciones<\/h4>\n<p>Enchapado de placas. Pegado de laminados a placas, juntas y uniones, espigados, machimbres, telas vin\u00edlicas con g\u00e9nero sobre madera, sillas y todo tipos de muebles, puertas, etc. Se puede utilizar pincel, esp\u00e1tula, rodillo y\/o maquina de encolar.<\/p>\n<p>El tiempo de armado y el de prensa est\u00e1n relacionados directamente con la temperatura ambiente.<br \/>\nCon baja temperatura o humedad elevada, aumenta el tiempo de prensado.<\/p>\n","protected":false},"excerpt":{"rendered":"<p>Para trabajos generales de carpinter\u00eda. Cola vin\u00edlica de base acuosa, [&hellip;]<\/p>\n","protected":false},"featured_media":38711,"template":"","meta":{"_acf_changed":false,"_joinchat":[]},"product_brand":[],"product_cat":[63,64],"product_tag":[],"class_list":{"0":"post-36718","1":"product","2":"type-product","3":"status-publish","4":"has-post-thumbnail","6":"product_cat-insumos-y-herramientas","7":"product_cat-adhesivos","9":"first","10":"instock","11":"shipping-taxable","12":"purchasable","13":"product-type-variable"},"acf":[],"_links":{"self":[{"href":"https:\/\/www.herrajesbaldan.com.ar\/obras_muebles\/wp-json\/wp\/v2\/product\/36718","targetHints":{"allow":["GET"]}}],"collection":[{"href":"https:\/\/www.herrajesbaldan.com.ar\/obras_muebles\/wp-json\/wp\/v2\/product"}],"about":[{"href":"https:\/\/www.herrajesbaldan.com.ar\/obras_muebles\/wp-json\/wp\/v2\/types\/product"}],"wp:featuredmedia":[{"embeddable":true,"href":"https:\/\/www.herrajesbaldan.com.ar\/obras_muebles\/wp-json\/wp\/v2\/media\/38711"}],"wp:attachment":[{"href":"https:\/\/www.herrajesbaldan.com.ar\/obras_muebles\/wp-json\/wp\/v2\/media?parent=36718"}],"wp:term":[{"taxonomy":"product_brand","embeddable":true,"href":"https:\/\/www.herrajesbaldan.com.ar\/obras_muebles\/wp-json\/wp\/v2\/product_brand?post=36718"},{"taxonomy":"product_cat","embeddable":true,"href":"https:\/\/www.herrajesbaldan.com.ar\/obras_muebles\/wp-json\/wp\/v2\/product_cat?post=36718"},{"taxonomy":"product_tag","embeddable":true,"href":"https:\/\/www.herrajesbaldan.com.ar\/obras_muebles\/wp-json\/wp\/v2\/product_tag?post=36718"}],"curies":[{"name":"wp","href":"https:\/\/api.w.org\/{rel}","templated":true}]}}