{"id":37053,"date":"2020-06-08T12:09:48","date_gmt":"2020-06-08T12:09:48","guid":{"rendered":"https:\/\/www.herrajesbaldan.com.ar\/?post_type=product&#038;p=37053"},"modified":"2021-11-26T14:15:39","modified_gmt":"2021-11-26T14:15:39","slug":"protector-para-maderas-penta-petrilac","status":"publish","type":"product","link":"https:\/\/www.herrajesbaldan.com.ar\/obras_muebles\/producto\/protector-para-maderas-penta-petrilac\/","title":{"rendered":"PROTECTOR PARA MADERAS PENTA"},"content":{"rendered":"<ul>\n<li>Insecticida para todo tipo de maderas.<\/li>\n<li>Producto formulado especialmente para proteger la madera del ataque de insectos.<\/li>\n<li>Alta efectividad contra el bicho taladro, larvas y huevos.<\/li>\n<li>Posee alta acci\u00f3n residual y baja evaporaci\u00f3n.<\/li>\n<li>Producto insecticida para maderas.<\/li>\n<li>Combate los insectos agresivos para la madera formando una poderosa barrera de protecci\u00f3n.<\/li>\n<\/ul>\n<hr \/>\n<h3 id=\"submenu-4\" class=\"m-top2 product-details-title\" style=\"text-align: left;\">CARACTER\u00cdSTICAS<\/h3>\n<div class=\"product-description-col\">\n<p><strong>RENDIMIENTO<\/strong><br \/>\nEn maderas nuevas aplicar una dosis no menor a 1 litro cada 3 m\u00b2. Los rendimientos est\u00e1n referidos al producto preparado para su uso seg\u00fan se indica.<\/p>\n<p><strong>COMPATIBILIDAD<\/strong><br \/>\nNo es compatible con otros preservadores ni con productos solubles en agua. Para su mejor aplicaci\u00f3n consultar al Dpto. T\u00e9cnico.<\/p>\n<p>ALMACENAMIENTO<br \/>\nCerrar bien los envases no agotados y no reutilizar los vac\u00edos. Mantener el producto bajo techo, en lugar fresco, seco y ventilado. Temperatura m\u00e1xima 40\u00baC y m\u00ednima 5\u00baC.<br \/>\n<em><strong>Tratamiento de derrames y envases vac\u00edos:<\/strong>\u00a0<\/em>En caso de producirse un derrame, cubrir con material absorbente (arena, aserr\u00edn, etc.), recoger y colocar en contenedores apropiados. No drenar hacia cursos de agua o alcantarillas que conduzcan a\u00a0estos.<br \/>\n<em><strong>M\u00e9todo de destrucci\u00f3n de envases:<\/strong><\/em><br \/>\nLos envases se inutilizar\u00e1n perfor\u00e1ndolos y comprimi\u00e9ndolos para evitar su reutilizaci\u00f3n.<\/p>\n<p><strong>PRESENTACION<\/strong><br \/>\nEnvases de 1- 4 -10 -18 litros.<\/p>\n<\/div>\n","protected":false},"excerpt":{"rendered":"<p>Insecticida para todo tipo de maderas. Producto formulado especialmente para [&hellip;]<\/p>\n","protected":false},"featured_media":38748,"template":"","meta":{"_acf_changed":false,"_joinchat":[]},"product_brand":[],"product_cat":[63,1628],"product_tag":[],"class_list":{"0":"post-37053","1":"product","2":"type-product","3":"status-publish","4":"has-post-thumbnail","6":"product_cat-insumos-y-herramientas","7":"product_cat-lacas-y-barnices","9":"first","10":"instock","11":"shipping-taxable","12":"purchasable","13":"product-type-variable"},"acf":[],"_links":{"self":[{"href":"https:\/\/www.herrajesbaldan.com.ar\/obras_muebles\/wp-json\/wp\/v2\/product\/37053","targetHints":{"allow":["GET"]}}],"collection":[{"href":"https:\/\/www.herrajesbaldan.com.ar\/obras_muebles\/wp-json\/wp\/v2\/product"}],"about":[{"href":"https:\/\/www.herrajesbaldan.com.ar\/obras_muebles\/wp-json\/wp\/v2\/types\/product"}],"wp:featuredmedia":[{"embeddable":true,"href":"https:\/\/www.herrajesbaldan.com.ar\/obras_muebles\/wp-json\/wp\/v2\/media\/38748"}],"wp:attachment":[{"href":"https:\/\/www.herrajesbaldan.com.ar\/obras_muebles\/wp-json\/wp\/v2\/media?parent=37053"}],"wp:term":[{"taxonomy":"product_brand","embeddable":true,"href":"https:\/\/www.herrajesbaldan.com.ar\/obras_muebles\/wp-json\/wp\/v2\/product_brand?post=37053"},{"taxonomy":"product_cat","embeddable":true,"href":"https:\/\/www.herrajesbaldan.com.ar\/obras_muebles\/wp-json\/wp\/v2\/product_cat?post=37053"},{"taxonomy":"product_tag","embeddable":true,"href":"https:\/\/www.herrajesbaldan.com.ar\/obras_muebles\/wp-json\/wp\/v2\/product_tag?post=37053"}],"curies":[{"name":"wp","href":"https:\/\/api.w.org\/{rel}","templated":true}]}}