{"id":37078,"date":"2020-06-08T17:38:40","date_gmt":"2020-06-08T17:38:40","guid":{"rendered":"https:\/\/www.herrajesbaldan.com.ar\/?post_type=product&#038;p=37078"},"modified":"2021-11-26T13:20:30","modified_gmt":"2021-11-26T13:20:30","slug":"petrilac-deck","status":"publish","type":"product","link":"https:\/\/www.herrajesbaldan.com.ar\/obras_muebles\/producto\/petrilac-deck\/","title":{"rendered":"PETRILAC DECK"},"content":{"rendered":"<p><strong>DECK PETRILAC\u00ae\u00a0<\/strong>est\u00e1 elaborado a base de resinas sint\u00e9ticas de alto grado de penetraci\u00f3n, aditivos, filtros UV, pigmentos y solventes de excelente calidad.<\/p>\n<p>Es un protector satinado de profunda penetraci\u00f3n para maderas ubicadas al exterior: decks (cubiertas), escaleras, senderos, etc., expuestas o no al tr\u00e1nsito.<\/p>\n<p>Acompa\u00f1a los movimientos de la madera sin cuartear, ampollar o descascarar. Posee doble protecci\u00f3n solar que le otorga gran resistencia a las radiaciones. Su notable hidrorrepelencia con sistema de poro abierto, rechaza la entrada de agua sin impedir la salida de humedad interna, la que se elimina en forma de vapor, evitando la formaci\u00f3n de algas y hongos, que necesitan altos contenidos de humedad para proliferar. Contiene aceite de teka, extracto vegetal de efectivo poder nutriente, reparador de las fibras celul\u00f3sicas, restablece los aceites naturales y el color perdido, conservando la belleza de la madera. Es apto para muebles de jard\u00edn de madera, aberturas, cercas, aleros, cenefas, etc.<\/p>\n<hr \/>\n<h3 id=\"submenu-4\" class=\"m-top2 product-details-title\">CARACTER\u00cdSTICAS<\/h3>\n<div class=\"product-description-col\">\n<p><strong>MANTENIMIENTO<\/strong><br \/>\nMuy sencillo. Realizar una limpieza previa al \u00e1rea pintada y desgastada y aplicar DECK PETRILAC\u00ae. Una mejor nutrici\u00f3n de la madera se logra con un service peri\u00f3dico.<\/p>\n<p><strong>TIEMPO DE SECADO<\/strong><br \/>\n<strong>Maderas no resinosas:\u00a0<\/strong>al tacto, aproximadamente 12 horas.<br \/>\n<strong>Maderas muy resinosas:\u00a0<\/strong>se puede extender el secado y las condiciones de transitabilidad. El secado y curado permite el tr\u00e1nsito luego de 24 a 72 horas, seg\u00fan el tipo de madera.<\/p>\n<p><strong>RENDIMIENTO<\/strong><br \/>\nDepende de la porosidad, absorci\u00f3n y textura de la madera. Ver dosis de aplicaci\u00f3n.<\/p>\n<p><strong>LIMPIEZA DE HERRAMIENTAS<\/strong><br \/>\nInmediatamente de usadas, con aguarr\u00e1s mineral de buena calidad.<\/p>\n<p><strong>TERMINACION<\/strong><br \/>\nSatinada.<\/p>\n<p><strong>PRESENTACION<\/strong><br \/>\n1 y 4 litros.<\/p>\n<\/div>\n","protected":false},"excerpt":{"rendered":"<p>DECK PETRILAC\u00ae\u00a0est\u00e1 elaborado a base de resinas sint\u00e9ticas de alto [&hellip;]<\/p>\n","protected":false},"featured_media":38745,"template":"","meta":{"_acf_changed":false,"_joinchat":[]},"product_brand":[],"product_cat":[63,1628],"product_tag":[],"class_list":{"0":"post-37078","1":"product","2":"type-product","3":"status-publish","4":"has-post-thumbnail","6":"product_cat-insumos-y-herramientas","7":"product_cat-lacas-y-barnices","9":"first","10":"instock","11":"shipping-taxable","12":"purchasable","13":"product-type-variable"},"acf":[],"_links":{"self":[{"href":"https:\/\/www.herrajesbaldan.com.ar\/obras_muebles\/wp-json\/wp\/v2\/product\/37078","targetHints":{"allow":["GET"]}}],"collection":[{"href":"https:\/\/www.herrajesbaldan.com.ar\/obras_muebles\/wp-json\/wp\/v2\/product"}],"about":[{"href":"https:\/\/www.herrajesbaldan.com.ar\/obras_muebles\/wp-json\/wp\/v2\/types\/product"}],"wp:featuredmedia":[{"embeddable":true,"href":"https:\/\/www.herrajesbaldan.com.ar\/obras_muebles\/wp-json\/wp\/v2\/media\/38745"}],"wp:attachment":[{"href":"https:\/\/www.herrajesbaldan.com.ar\/obras_muebles\/wp-json\/wp\/v2\/media?parent=37078"}],"wp:term":[{"taxonomy":"product_brand","embeddable":true,"href":"https:\/\/www.herrajesbaldan.com.ar\/obras_muebles\/wp-json\/wp\/v2\/product_brand?post=37078"},{"taxonomy":"product_cat","embeddable":true,"href":"https:\/\/www.herrajesbaldan.com.ar\/obras_muebles\/wp-json\/wp\/v2\/product_cat?post=37078"},{"taxonomy":"product_tag","embeddable":true,"href":"https:\/\/www.herrajesbaldan.com.ar\/obras_muebles\/wp-json\/wp\/v2\/product_tag?post=37078"}],"curies":[{"name":"wp","href":"https:\/\/api.w.org\/{rel}","templated":true}]}}