{"id":37115,"date":"2020-06-09T18:02:19","date_gmt":"2020-06-09T18:02:19","guid":{"rendered":"https:\/\/www.herrajesbaldan.com.ar\/?post_type=product&#038;p=37115"},"modified":"2021-11-27T15:37:24","modified_gmt":"2021-11-27T15:37:24","slug":"taco-s-fischer","status":"publish","type":"product","link":"https:\/\/www.herrajesbaldan.com.ar\/obras_muebles\/producto\/taco-s-fischer\/","title":{"rendered":"TACO S &#8211; FISCHER"},"content":{"rendered":"<pre class=\"h3 productSubHeadline\">El conector de NYLON, de f\u00e1cil instalaci\u00f3n, con expansi\u00f3n de 2 v\u00edas\r\n\r\n<\/pre>\n<hr \/>\n<pre class=\"h3 productSubHeadline\">El taco de expansi\u00f3n S de fischer es el original. La fijaci\u00f3n de pl\u00e1stico est\u00e1 fabricado en Nylon de gran calidad y es especialmente robusto. \r\nEl taco de expansi\u00f3n S de fischer se oferta para fijaciones con un di\u00e1metro de la perforaci\u00f3n de 4 a 20 mm y, por lo tanto, se puede utilizar con gran versatilidad. \r\nLa estrecha geometr\u00eda del taco facilita el montaje. La caracter\u00edstica protecci\u00f3n contra el giro impide que el taco gire al girar el tornillo. \r\nPara fijar el objeto pueden utilizarse tornillos para madera o madera aglomerada. \r\nEl taco de expansi\u00f3n S de fischer es ideal para fijaciones de objetos ligeros en hormig\u00f3n y mamposter\u00eda de ladrillo de hormig\u00f3n macizo.<\/pre>\n","protected":false},"excerpt":{"rendered":"<p>El conector de NYLON, de f\u00e1cil instalaci\u00f3n, con expansi\u00f3n de [&hellip;]<\/p>\n","protected":false},"featured_media":38770,"template":"","meta":{"_acf_changed":false,"_joinchat":[]},"product_brand":[],"product_cat":[63,65],"product_tag":[],"class_list":{"0":"post-37115","1":"product","2":"type-product","3":"status-publish","4":"has-post-thumbnail","6":"product_cat-insumos-y-herramientas","7":"product_cat-tacos-de-nylon","9":"first","10":"instock","11":"shipping-taxable","12":"purchasable","13":"product-type-variable"},"acf":[],"_links":{"self":[{"href":"https:\/\/www.herrajesbaldan.com.ar\/obras_muebles\/wp-json\/wp\/v2\/product\/37115","targetHints":{"allow":["GET"]}}],"collection":[{"href":"https:\/\/www.herrajesbaldan.com.ar\/obras_muebles\/wp-json\/wp\/v2\/product"}],"about":[{"href":"https:\/\/www.herrajesbaldan.com.ar\/obras_muebles\/wp-json\/wp\/v2\/types\/product"}],"wp:featuredmedia":[{"embeddable":true,"href":"https:\/\/www.herrajesbaldan.com.ar\/obras_muebles\/wp-json\/wp\/v2\/media\/38770"}],"wp:attachment":[{"href":"https:\/\/www.herrajesbaldan.com.ar\/obras_muebles\/wp-json\/wp\/v2\/media?parent=37115"}],"wp:term":[{"taxonomy":"product_brand","embeddable":true,"href":"https:\/\/www.herrajesbaldan.com.ar\/obras_muebles\/wp-json\/wp\/v2\/product_brand?post=37115"},{"taxonomy":"product_cat","embeddable":true,"href":"https:\/\/www.herrajesbaldan.com.ar\/obras_muebles\/wp-json\/wp\/v2\/product_cat?post=37115"},{"taxonomy":"product_tag","embeddable":true,"href":"https:\/\/www.herrajesbaldan.com.ar\/obras_muebles\/wp-json\/wp\/v2\/product_tag?post=37115"}],"curies":[{"name":"wp","href":"https:\/\/api.w.org\/{rel}","templated":true}]}}