{"id":37139,"date":"2020-06-10T12:38:29","date_gmt":"2020-06-10T12:38:29","guid":{"rendered":"https:\/\/www.herrajesbaldan.com.ar\/?post_type=product&#038;p=37139"},"modified":"2023-01-03T14:58:19","modified_gmt":"2023-01-03T14:58:19","slug":"taco-sa-fischer","status":"publish","type":"product","link":"https:\/\/www.herrajesbaldan.com.ar\/obras_muebles\/producto\/taco-sa-fischer\/","title":{"rendered":"TACO SA &#8211; FISCHER"},"content":{"rendered":"<p class=\"h3 productSubHeadline\">Conector de nylon, de f\u00e1cil instalaci\u00f3n, con expansi\u00f3n de 2 v\u00edas.<\/p>\n<hr \/>\n<div class=\"h10\"><strong>Ventajas<\/strong><\/div>\n<ul class=\"formatierung-ul\">\n<li class=\"formatierung-li\">El manguito de conector sin reborde permite que el conector se coloque tan profundo como sea necesario debajo del yeso por el substrato de soporte para alcanzar la m\u00e1xima capacidad de carga.<\/li>\n<li class=\"formatierung-li\">Dado que el conector se expande solamente en dos direcciones, es posible dirigir las fuerzas de expansi\u00f3n de forma que vayan paralelas al borde del material de construcci\u00f3n girando el conector. Esto permite distancias de reborde m\u00e1s peque\u00f1as.<\/li>\n<li class=\"formatierung-li\">La geometr\u00eda del conector delgado hace que sea m\u00e1s f\u00e1cil introducir el conector en el agujero. Para una instalaci\u00f3n r\u00e1pida y sencilla.<\/li>\n<li class=\"formatierung-li\">La fijaci\u00f3n anti-rotaci\u00f3n impide que el conector gire dentro del agujero, garantizando as\u00ed un elevado nivel de seguridad en la instalaci\u00f3n.<\/li>\n<\/ul>\n","protected":false},"excerpt":{"rendered":"<p>Conector de nylon, de f\u00e1cil instalaci\u00f3n, con expansi\u00f3n de 2 [&hellip;]<\/p>\n","protected":false},"featured_media":38769,"template":"","meta":{"_acf_changed":false,"_joinchat":[]},"product_brand":[],"product_cat":[63,65],"product_tag":[],"class_list":{"0":"post-37139","1":"product","2":"type-product","3":"status-publish","4":"has-post-thumbnail","6":"product_cat-insumos-y-herramientas","7":"product_cat-tacos-de-nylon","9":"first","10":"instock","11":"shipping-taxable","12":"purchasable","13":"product-type-variable"},"acf":[],"_links":{"self":[{"href":"https:\/\/www.herrajesbaldan.com.ar\/obras_muebles\/wp-json\/wp\/v2\/product\/37139","targetHints":{"allow":["GET"]}}],"collection":[{"href":"https:\/\/www.herrajesbaldan.com.ar\/obras_muebles\/wp-json\/wp\/v2\/product"}],"about":[{"href":"https:\/\/www.herrajesbaldan.com.ar\/obras_muebles\/wp-json\/wp\/v2\/types\/product"}],"wp:featuredmedia":[{"embeddable":true,"href":"https:\/\/www.herrajesbaldan.com.ar\/obras_muebles\/wp-json\/wp\/v2\/media\/38769"}],"wp:attachment":[{"href":"https:\/\/www.herrajesbaldan.com.ar\/obras_muebles\/wp-json\/wp\/v2\/media?parent=37139"}],"wp:term":[{"taxonomy":"product_brand","embeddable":true,"href":"https:\/\/www.herrajesbaldan.com.ar\/obras_muebles\/wp-json\/wp\/v2\/product_brand?post=37139"},{"taxonomy":"product_cat","embeddable":true,"href":"https:\/\/www.herrajesbaldan.com.ar\/obras_muebles\/wp-json\/wp\/v2\/product_cat?post=37139"},{"taxonomy":"product_tag","embeddable":true,"href":"https:\/\/www.herrajesbaldan.com.ar\/obras_muebles\/wp-json\/wp\/v2\/product_tag?post=37139"}],"curies":[{"name":"wp","href":"https:\/\/api.w.org\/{rel}","templated":true}]}}