{"id":37146,"date":"2020-06-10T13:07:06","date_gmt":"2020-06-10T13:07:06","guid":{"rendered":"https:\/\/www.herrajesbaldan.com.ar\/?post_type=product&#038;p=37146"},"modified":"2023-01-03T15:06:22","modified_gmt":"2023-01-03T15:06:22","slug":"taco-sx-fischer","status":"publish","type":"product","link":"https:\/\/www.herrajesbaldan.com.ar\/obras_muebles\/producto\/taco-sx-fischer\/","title":{"rendered":"TACO SX &#8211; FISCHER"},"content":{"rendered":"<div class=\"rte\">\n<p class=\"h3 productSubHeadline\">Conector de nailon con expansi\u00f3n de 4 v\u00edas<\/p>\n<hr \/>\n<p>El taco de expansi\u00f3n SX de fischer distribuye la fuerza de forma \u00f3ptima en el material de construcci\u00f3n gracias a la expansi\u00f3n cu\u00e1druple.<\/p>\n<p>Adem\u00e1s de la t\u00edpica expansi\u00f3n, el Nylon de gran calidad utilizado para su fabricaci\u00f3n garantiza una fijaci\u00f3n segura y duradera.<\/p>\n<p>El taco se oferta en las medidas de 4 x 20 a 16 x 80 mm y con tornillo opcional.<\/p>\n<p>El taco de expansi\u00f3n SX de fischer es la primera elecci\u00f3n en la fijaci\u00f3n de, por ejemplo, luces, regletas, ba\u00f1os e inodoros, as\u00ed como armarios de pared ligeros en hormig\u00f3n y hormig\u00f3n poroso, pero tambi\u00e9n en mamposter\u00eda de materiales macizos y perforados.<\/p>\n<p>Las variantes con borde incorporado impiden que el taco se hunda en la perforaci\u00f3n. Ideal para fijaciones en materiales perforados, en hormig\u00f3n poroso y en revestimientos de revoque son las variantes con una mayor profundidad de anclaje.<\/p>\n<\/div>\n<div class=\"rte\"><\/div>\n","protected":false},"excerpt":{"rendered":"<p>Conector de nailon con expansi\u00f3n de 4 v\u00edas El taco [&hellip;]<\/p>\n","protected":false},"featured_media":38768,"template":"","meta":{"_acf_changed":false,"_joinchat":[]},"product_brand":[],"product_cat":[63,65],"product_tag":[],"class_list":{"0":"post-37146","1":"product","2":"type-product","3":"status-publish","4":"has-post-thumbnail","6":"product_cat-insumos-y-herramientas","7":"product_cat-tacos-de-nylon","9":"first","10":"instock","11":"shipping-taxable","12":"purchasable","13":"product-type-variable"},"acf":[],"_links":{"self":[{"href":"https:\/\/www.herrajesbaldan.com.ar\/obras_muebles\/wp-json\/wp\/v2\/product\/37146","targetHints":{"allow":["GET"]}}],"collection":[{"href":"https:\/\/www.herrajesbaldan.com.ar\/obras_muebles\/wp-json\/wp\/v2\/product"}],"about":[{"href":"https:\/\/www.herrajesbaldan.com.ar\/obras_muebles\/wp-json\/wp\/v2\/types\/product"}],"wp:featuredmedia":[{"embeddable":true,"href":"https:\/\/www.herrajesbaldan.com.ar\/obras_muebles\/wp-json\/wp\/v2\/media\/38768"}],"wp:attachment":[{"href":"https:\/\/www.herrajesbaldan.com.ar\/obras_muebles\/wp-json\/wp\/v2\/media?parent=37146"}],"wp:term":[{"taxonomy":"product_brand","embeddable":true,"href":"https:\/\/www.herrajesbaldan.com.ar\/obras_muebles\/wp-json\/wp\/v2\/product_brand?post=37146"},{"taxonomy":"product_cat","embeddable":true,"href":"https:\/\/www.herrajesbaldan.com.ar\/obras_muebles\/wp-json\/wp\/v2\/product_cat?post=37146"},{"taxonomy":"product_tag","embeddable":true,"href":"https:\/\/www.herrajesbaldan.com.ar\/obras_muebles\/wp-json\/wp\/v2\/product_tag?post=37146"}],"curies":[{"name":"wp","href":"https:\/\/api.w.org\/{rel}","templated":true}]}}