{"id":37170,"date":"2020-06-11T12:52:44","date_gmt":"2020-06-11T12:52:44","guid":{"rendered":"https:\/\/www.herrajesbaldan.com.ar\/?post_type=product&#038;p=37170"},"modified":"2021-11-27T15:07:27","modified_gmt":"2021-11-27T15:07:27","slug":"taco-gk-para-yeso-fischer","status":"publish","type":"product","link":"https:\/\/www.herrajesbaldan.com.ar\/obras_muebles\/producto\/taco-gk-para-yeso-fischer\/","title":{"rendered":"TACO GK PARA YESO- FISCHER"},"content":{"rendered":"<p>La fijaci\u00f3n de paneles de yeso GK de fischer est\u00e1 fabricada en Nylon de gran calidad.<\/p>\n<p>El taco se atornilla enrasado en el pladur sencillo o doble en el premontaje con la herramienta de inserci\u00f3n incluida.<\/p>\n<p>El taco en espiral se sujeta mediante uni\u00f3n continua. La construcci\u00f3n compacta permite tambi\u00e9n el montaje en paredes en las que el grosor de la placa o del hueco detr\u00e1s de la placa no se conoce.<\/p>\n<p>El GK de fischer puede alojar tornillos para madera, chapa y placas de sujeci\u00f3n con grosores de 4 a 5 mm, as\u00ed como diferentes corchetes y ojales. De este modo, es universalmente ideal para fijar de forma r\u00e1pida y segura, p. ej. cuadros, luces e instalaciones el\u00e9ctricas.<\/p>\n","protected":false},"excerpt":{"rendered":"<p>La fijaci\u00f3n de paneles de yeso GK de fischer est\u00e1 [&hellip;]<\/p>\n","protected":false},"featured_media":38763,"template":"","meta":{"_acf_changed":false,"_joinchat":[]},"product_brand":[],"product_cat":[63,65],"product_tag":[],"class_list":{"0":"post-37170","1":"product","2":"type-product","3":"status-publish","4":"has-post-thumbnail","6":"product_cat-insumos-y-herramientas","7":"product_cat-tacos-de-nylon","9":"first","10":"instock","11":"shipping-taxable","12":"purchasable","13":"product-type-simple"},"acf":[],"_links":{"self":[{"href":"https:\/\/www.herrajesbaldan.com.ar\/obras_muebles\/wp-json\/wp\/v2\/product\/37170","targetHints":{"allow":["GET"]}}],"collection":[{"href":"https:\/\/www.herrajesbaldan.com.ar\/obras_muebles\/wp-json\/wp\/v2\/product"}],"about":[{"href":"https:\/\/www.herrajesbaldan.com.ar\/obras_muebles\/wp-json\/wp\/v2\/types\/product"}],"wp:featuredmedia":[{"embeddable":true,"href":"https:\/\/www.herrajesbaldan.com.ar\/obras_muebles\/wp-json\/wp\/v2\/media\/38763"}],"wp:attachment":[{"href":"https:\/\/www.herrajesbaldan.com.ar\/obras_muebles\/wp-json\/wp\/v2\/media?parent=37170"}],"wp:term":[{"taxonomy":"product_brand","embeddable":true,"href":"https:\/\/www.herrajesbaldan.com.ar\/obras_muebles\/wp-json\/wp\/v2\/product_brand?post=37170"},{"taxonomy":"product_cat","embeddable":true,"href":"https:\/\/www.herrajesbaldan.com.ar\/obras_muebles\/wp-json\/wp\/v2\/product_cat?post=37170"},{"taxonomy":"product_tag","embeddable":true,"href":"https:\/\/www.herrajesbaldan.com.ar\/obras_muebles\/wp-json\/wp\/v2\/product_tag?post=37170"}],"curies":[{"name":"wp","href":"https:\/\/api.w.org\/{rel}","templated":true}]}}