{"id":37173,"date":"2020-06-11T13:18:38","date_gmt":"2020-06-11T13:18:38","guid":{"rendered":"https:\/\/www.herrajesbaldan.com.ar\/?post_type=product&#038;p=37173"},"modified":"2021-11-27T15:00:39","modified_gmt":"2021-11-27T15:00:39","slug":"taco-gka-fischer","status":"publish","type":"product","link":"https:\/\/www.herrajesbaldan.com.ar\/obras_muebles\/producto\/taco-gka-fischer\/","title":{"rendered":"TACO GKA &#8211; FISCHER"},"content":{"rendered":"<div class=\"h10\"><strong>Ventajas<\/strong><\/div>\n<ul>\n<li class=\"formatierung-li\">La herramienta ajustadora incluida combina las funciones de ajuste de taladrado y fijaci\u00f3n. As\u00ed, permite una instalaci\u00f3n r\u00e1pida y sencilla.<\/li>\n<li class=\"formatierung-li\">La rosca afilada y autoperforante de GK permite una fijaci\u00f3n segura de ajuste positivo. Esto consigue una elevada capacidad de carga.<\/li>\n<li class=\"formatierung-li\">La corta longitud de fijaci\u00f3n significa que s\u00f3lo se requiere un peque\u00f1o espacio detr\u00e1s del tablero. Como consecuencia, GK tambi\u00e9n puede ser utilizado en el caso de grosor de tablero y profundidad de cavidad desconocidos.<\/li>\n<li class=\"formatierung-li\">El accionamiento de cruz en la cabeza de la fijaci\u00f3n significa que el GK tambi\u00e9n puede ser destornillado como un tornillo sin herramienta ajustadora.<\/li>\n<li class=\"formatierung-li\">El GK puede ser utilizado con los m\u00e1s diversos tornillos, ganchos y c\u00e1ncamos. Esto permite un amplio abanico de aplicaciones.<\/li>\n<\/ul>\n","protected":false},"excerpt":{"rendered":"<p>Ventajas La herramienta ajustadora incluida combina las funciones de ajuste [&hellip;]<\/p>\n","protected":false},"featured_media":38764,"template":"","meta":{"_acf_changed":false,"_joinchat":[]},"product_brand":[],"product_cat":[63,65],"product_tag":[],"class_list":{"0":"post-37173","1":"product","2":"type-product","3":"status-publish","4":"has-post-thumbnail","6":"product_cat-insumos-y-herramientas","7":"product_cat-tacos-de-nylon","9":"first","10":"instock","11":"shipping-taxable","12":"purchasable","13":"product-type-simple"},"acf":[],"_links":{"self":[{"href":"https:\/\/www.herrajesbaldan.com.ar\/obras_muebles\/wp-json\/wp\/v2\/product\/37173","targetHints":{"allow":["GET"]}}],"collection":[{"href":"https:\/\/www.herrajesbaldan.com.ar\/obras_muebles\/wp-json\/wp\/v2\/product"}],"about":[{"href":"https:\/\/www.herrajesbaldan.com.ar\/obras_muebles\/wp-json\/wp\/v2\/types\/product"}],"wp:featuredmedia":[{"embeddable":true,"href":"https:\/\/www.herrajesbaldan.com.ar\/obras_muebles\/wp-json\/wp\/v2\/media\/38764"}],"wp:attachment":[{"href":"https:\/\/www.herrajesbaldan.com.ar\/obras_muebles\/wp-json\/wp\/v2\/media?parent=37173"}],"wp:term":[{"taxonomy":"product_brand","embeddable":true,"href":"https:\/\/www.herrajesbaldan.com.ar\/obras_muebles\/wp-json\/wp\/v2\/product_brand?post=37173"},{"taxonomy":"product_cat","embeddable":true,"href":"https:\/\/www.herrajesbaldan.com.ar\/obras_muebles\/wp-json\/wp\/v2\/product_cat?post=37173"},{"taxonomy":"product_tag","embeddable":true,"href":"https:\/\/www.herrajesbaldan.com.ar\/obras_muebles\/wp-json\/wp\/v2\/product_tag?post=37173"}],"curies":[{"name":"wp","href":"https:\/\/api.w.org\/{rel}","templated":true}]}}