{"id":38707,"date":"2021-11-17T18:14:20","date_gmt":"2021-11-17T18:14:20","guid":{"rendered":"https:\/\/www.herrajesbaldan.com.ar\/?post_type=product&#038;p=38707"},"modified":"2025-03-18T12:59:54","modified_gmt":"2025-03-18T12:59:54","slug":"cerradura-digital-phillips-ph120","status":"publish","type":"product","link":"https:\/\/www.herrajesbaldan.com.ar\/obras_muebles\/producto\/cerradura-digital-phillips-ph120\/","title":{"rendered":"CERRADURA DIGITAL PHILLIPS PH120"},"content":{"rendered":"<p>CERRADURA EN OFERTA HASTA QUE SE AGOTE EL STOCK: $ 35.851,38<\/p>\n<p><strong>Caracter\u00edsticas t\u00e9cnicas:<\/strong><\/p>\n<p style=\"text-align: left;\">&#8211; Hasta 50 c\u00f3digos programables.<br \/>\n&#8211; Indicador de bater\u00eda baja.<br \/>\n&#8211; Incluye 2 llaves.<br \/>\n&#8211; F\u00e1cil de instalar.<br \/>\n&#8211; Cierre autom\u00e1tico.<br \/>\n&#8211; Alarma despu\u00e9s de 4 intentos de apertura con c\u00f3digo incorrecto.<br \/>\n&#8211; Backset: 60 o 70mm.<br \/>\n&#8211; Espesor de la puerta: 35 a 45mm.<br \/>\n&#8211; Mano: derecha o izquierda.<br \/>\n&#8211; Garant\u00eda por un a\u00f1o en componentes electr\u00f3nicos: si este producto dejase de funcionar debido a un defecto de fabricaci\u00f3n.<\/p>\n","protected":false},"excerpt":{"rendered":"<p>CERRADURA EN OFERTA HASTA QUE SE AGOTE EL STOCK: $ [&hellip;]<\/p>\n","protected":false},"featured_media":38708,"template":"","meta":{"_acf_changed":false,"_joinchat":[]},"product_brand":[],"product_cat":[16],"product_tag":[],"class_list":{"0":"post-38707","1":"product","2":"type-product","3":"status-publish","4":"has-post-thumbnail","6":"product_cat-sin-categoria","8":"first","9":"outofstock","10":"shipping-taxable","11":"product-type-simple"},"acf":[],"_links":{"self":[{"href":"https:\/\/www.herrajesbaldan.com.ar\/obras_muebles\/wp-json\/wp\/v2\/product\/38707","targetHints":{"allow":["GET"]}}],"collection":[{"href":"https:\/\/www.herrajesbaldan.com.ar\/obras_muebles\/wp-json\/wp\/v2\/product"}],"about":[{"href":"https:\/\/www.herrajesbaldan.com.ar\/obras_muebles\/wp-json\/wp\/v2\/types\/product"}],"wp:featuredmedia":[{"embeddable":true,"href":"https:\/\/www.herrajesbaldan.com.ar\/obras_muebles\/wp-json\/wp\/v2\/media\/38708"}],"wp:attachment":[{"href":"https:\/\/www.herrajesbaldan.com.ar\/obras_muebles\/wp-json\/wp\/v2\/media?parent=38707"}],"wp:term":[{"taxonomy":"product_brand","embeddable":true,"href":"https:\/\/www.herrajesbaldan.com.ar\/obras_muebles\/wp-json\/wp\/v2\/product_brand?post=38707"},{"taxonomy":"product_cat","embeddable":true,"href":"https:\/\/www.herrajesbaldan.com.ar\/obras_muebles\/wp-json\/wp\/v2\/product_cat?post=38707"},{"taxonomy":"product_tag","embeddable":true,"href":"https:\/\/www.herrajesbaldan.com.ar\/obras_muebles\/wp-json\/wp\/v2\/product_tag?post=38707"}],"curies":[{"name":"wp","href":"https:\/\/api.w.org\/{rel}","templated":true}]}}